{"id":37,"date":"2024-08-22T14:45:17","date_gmt":"2024-08-22T14:45:17","guid":{"rendered":"https:\/\/www.prodex-irl.si\/contact\/"},"modified":"2024-10-04T21:31:24","modified_gmt":"2024-10-04T21:31:24","slug":"contact","status":"publish","type":"page","link":"https:\/\/www.prodex-irl.si\/en\/contact\/","title":{"rendered":"Contact"},"content":{"rendered":"<p>Prodex Irl d.o.o.<br \/>\nPetrov\u010de 115a<br \/>\n3301 Petrov\u010de<br \/>\nSlovenija<\/p>\n<p>Director: Gregor Stepi\u0161nik<\/p>\n<p>Tel.: + 386 3 713 27 70<br \/>\nEmail: <a href=\"mailto:info@prodex-irl.si\">info@prodex-irl.si<\/a><br \/>\nWeb: <a href=\"http:\/\/www.prodex-irl.si\">http:\/\/www.prodex-irl.si<\/a><\/p>\n<p>VAT ID: SI62040944<br \/>\nRegistration number: 1850091<br \/>\nShare capital: 1.503.895,52 EUR<\/p>\n<p>The company is registered with the District Court in Celje &#8211; entry number: 1\/07946\/00<\/p>\n<h3>How to reach us?<\/h3>\n<h3><iframe loading=\"lazy\" style=\"border: 0;\" src=\"https:\/\/www.google.com\/maps\/embed?pb=!1m18!1m12!1m3!1d2759.3774112335686!2d15.185755411383052!3d46.242724470976725!2m3!1f0!2f0!3f0!3m2!1i1024!2i768!4f13.1!3m3!1m2!1s0x47656fbad5439f5d%3A0x13980ef358d0e574!2sProdex%20Irl%2C%20Proizvodnja%20In%20Prodaja%20Ekstrudiranih%20Izdelkov%2C%20D.O.O.!5e0!3m2!1ssl!2shr!4v1724338096008!5m2!1ssl!2shr\" width=\"600\" height=\"450\" allowfullscreen=\"allowfullscreen\"><\/iframe><\/h3>\n","protected":false},"excerpt":{"rendered":"<p>Prodex Irl d.o.o. Petrov\u010de 115a 3301 Petrov\u010de Slovenija Director: Gregor Stepi\u0161nik Tel.: + 386 3 713 27 70 Email: info@prodex-irl.si Web: http:\/\/www.prodex-irl.si VAT ID: SI62040944 Registration number: 1850091 Share capital: 1.503.895,52 EUR The company is registered with the District Court in Celje &#8211; entry number: 1\/07946\/00 How to reach us?<\/p>\n","protected":false},"author":1,"featured_media":0,"parent":0,"menu_order":20,"comment_status":"closed","ping_status":"closed","template":"","meta":{"footnotes":""},"class_list":["post-37","page","type-page","status-publish","hentry"],"_links":{"self":[{"href":"https:\/\/www.prodex-irl.si\/en\/wp-json\/wp\/v2\/pages\/37","targetHints":{"allow":["GET"]}}],"collection":[{"href":"https:\/\/www.prodex-irl.si\/en\/wp-json\/wp\/v2\/pages"}],"about":[{"href":"https:\/\/www.prodex-irl.si\/en\/wp-json\/wp\/v2\/types\/page"}],"author":[{"embeddable":true,"href":"https:\/\/www.prodex-irl.si\/en\/wp-json\/wp\/v2\/users\/1"}],"replies":[{"embeddable":true,"href":"https:\/\/www.prodex-irl.si\/en\/wp-json\/wp\/v2\/comments?post=37"}],"version-history":[{"count":6,"href":"https:\/\/www.prodex-irl.si\/en\/wp-json\/wp\/v2\/pages\/37\/revisions"}],"predecessor-version":[{"id":46,"href":"https:\/\/www.prodex-irl.si\/en\/wp-json\/wp\/v2\/pages\/37\/revisions\/46"}],"wp:attachment":[{"href":"https:\/\/www.prodex-irl.si\/en\/wp-json\/wp\/v2\/media?parent=37"}],"curies":[{"name":"wp","href":"https:\/\/api.w.org\/{rel}","templated":true}]}}